{"id":478,"date":"2025-01-10T14:25:17","date_gmt":"2025-01-10T14:25:17","guid":{"rendered":"https:\/\/madridetch2025.com\/cookie-policy\/"},"modified":"2025-01-20T12:26:44","modified_gmt":"2025-01-20T12:26:44","slug":"cookie-policy","status":"publish","type":"page","link":"https:\/\/madridetch2025.com\/en\/cookie-policy\/","title":{"rendered":"Cookie Policy"},"content":{"rendered":"\t\t<div data-elementor-type=\"wp-page\" data-elementor-id=\"478\" class=\"elementor elementor-478 elementor-343\" data-elementor-post-type=\"page\">\n\t\t\t\t<section class=\"elementor-element elementor-element-764720e e-flex e-con-boxed e-con e-parent\" data-id=\"764720e\" data-element_type=\"container\" id=\"cookies\">\n\t\t\t\t\t<div class=\"e-con-inner\">\n\t\t\t\t<div class=\"elementor-element elementor-element-8e9a776 elementor-widget elementor-widget-heading\" data-id=\"8e9a776\" data-element_type=\"widget\" data-widget_type=\"heading.default\">\n\t\t\t\t<div class=\"elementor-widget-container\">\n\t\t\t\t\t<h2 class=\"elementor-heading-title elementor-size-default\">POLITICA DE COOKIES<\/h2>\t\t\t\t<\/div>\n\t\t\t\t<\/div>\n\t\t\t\t<div class=\"elementor-element elementor-element-8b0a7b5 elementor-widget elementor-widget-text-editor\" data-id=\"8b0a7b5\" data-element_type=\"widget\" data-widget_type=\"text-editor.default\">\n\t\t\t\t<div class=\"elementor-widget-container\">\n\t\t\t\t\t\t\t\t\t<p>A trav\u00e9s de este sitio web, del que es titular la REAL FEDERACI\u00d3N ESPA\u00d1OLA DE ATLETISMO, no se recaban datos de car\u00e1cter personal de los usuarios sin su conocimiento, ni se ceden a terceros.<\/p>\n<p>En este sitio web utilizamos cookies para mejorar la experiencia del usuario, analizar el tr\u00e1fico del sitio web y recordar el idioma seleccionado para la navegaci\u00f3n por el mismo.<\/p>\n<p>El sitio web no utiliza cookies para recoger informaci\u00f3n de los usuarios, ni registra las direcciones IP de acceso. \u00danicamente se utilizan cookies propias, de sesi\u00f3n, con finalidad t\u00e9cnica (aquellas que permiten al usuario la navegaci\u00f3n a trav\u00e9s del sitio web y la utilizaci\u00f3n de las diferentes opciones y servicios que en ella existen). <\/p>\n<h3>\u00bfQu\u00e9 son las cookies?<\/h3>\n<p><span style=\"font-weight: 400;\">Las cookies son peque\u00f1os archivos de texto que se almacenan en tu dispositivo (ordenador, smartphone, etc.) cuando visitas un sitio web. Estas cookies permiten que el sitio web recuerde tu actividad y preferencias (como nombre de usuario, idioma, tama\u00f1o de fuente y otras configuraciones) durante un tiempo determinado. <\/span><\/p>\n<h3>Tipos de cookies<\/h3>\n<ul>\n<li>Cookies necesarias: Son esenciales para el funcionamiento del sitio web y permiten la navegaci\u00f3n y el uso de las funcionalidades b\u00e1sicas, como el acceso a \u00e1reas seguras del sitio o la realizaci\u00f3n de compras online.<\/li>\n<li>Cookies de rendimiento: Recogen informaci\u00f3n sobre c\u00f3mo los usuarios interact\u00faan con nuestro sitio, como las p\u00e1ginas que visitan con m\u00e1s frecuencia o si reciben mensajes de error. Estas cookies no recogen informaci\u00f3n personal. <\/li>\n<li>Cookies de funcionalidad: Permiten recordar las preferencias y personalizaciones que hayas hecho en el sitio, como el idioma o la regi\u00f3n, para ofrecerte una experiencia m\u00e1s personalizada.<\/li>\n<li>Cookies de publicidad y seguimiento: Estas cookies se utilizan para ofrecer anuncios personalizados seg\u00fan tus intereses y comportamientos en l\u00ednea. Tambi\u00e9n nos ayudan a medir la efectividad de las campa\u00f1as publicitarias. <\/li>\n<li><b>Cookies de terceros:<\/b><span style=\"font-weight: 400;\"> En algunos casos, permitimos que terceros, como anunciantes y proveedores de an\u00e1lisis, utilicen cookies en nuestro sitio web. Estas cookies pueden recopilar informaci\u00f3n sobre tu navegaci\u00f3n en internet y se utilizan con fines publicitarios. <\/span><\/li>\n<\/ul>\n<h3>\u00bfPara qu\u00e9 utiliza las cookies esta p\u00e1gina web?<\/h3>\n<p>Esta p\u00e1gina web utiliza las cookies para una serie de finalidades, que se describen a continuaci\u00f3n:<\/p>\n\t\t\t\t\t\t\t\t<\/div>\n\t\t\t\t<\/div>\n\t\t\t\t<div class=\"elementor-element elementor-element-9c2f98b elementor-widget elementor-widget-text-editor\" data-id=\"9c2f98b\" data-element_type=\"widget\" data-widget_type=\"text-editor.default\">\n\t\t\t\t<div class=\"elementor-widget-container\">\n\t\t\t\t\t\t\t\t\t<table>\n<tbody>\n<tr>\n<td><b>TIPO<\/b><\/td>\n<td colspan=\"2\"><b>DURACION <\/b><\/td>\n<td><b>FINALIDAD<\/b><\/td>\n<\/tr>\n<tr>\n<td colspan=\"2\"><span style=\"font-weight: 400;\">cookieyes-consent<\/span><\/td>\n<td><span style=\"font-weight: 400;\">1 a\u00f1o<\/span><\/td>\n<td><span style=\"font-weight: 400;\">Aceptaci\u00f3n de cookies de este sitio web <\/span><\/td>\n<\/tr>\n<tr>\n<td colspan=\"2\"><span style=\"font-weight: 400;\">wp-wpml_current_language<\/span><\/td>\n<td><span style=\"font-weight: 400;\">Sesi\u00f3n<\/span><\/td>\n<td><span style=\"font-weight: 400;\">Permite recordar el idioma seleccionado para la navegaci\u00f3n por la p\u00e1gina web.<\/span><\/td>\n<\/tr>\n<\/tbody>\n<\/table>\n\t\t\t\t\t\t\t\t<\/div>\n\t\t\t\t<\/div>\n\t\t\t\t<div class=\"elementor-element elementor-element-60a03e2 elementor-widget elementor-widget-text-editor\" data-id=\"60a03e2\" data-element_type=\"widget\" data-widget_type=\"text-editor.default\">\n\t\t\t\t<div class=\"elementor-widget-container\">\n\t\t\t\t\t\t\t\t\t<p><strong>\u00bfC\u00f3mo puedo desactivar o eliminar estas cookies?<\/strong><\/p>\n<p><span style=\"font-weight: 400;\">Puedes controlar y gestionar las cookies a trav\u00e9s de la configuraci\u00f3n de tu navegador. La mayor\u00eda de los navegadores permiten bloquear las cookies o alertarte cuando una cookie est\u00e1 a punto de ser almacenada en tu dispositivo. Ten en cuenta que si decides desactivar las cookies, es posible que algunas funcionalidades del sitio web no est\u00e9n disponibles.  <\/span><\/p>\n<p><span style=\"font-weight: 400;\">A continuaci\u00f3n, te mostramos c\u00f3mo puedes ajustar la configuraci\u00f3n de cookies en algunos de los navegadores m\u00e1s populares:<\/span><\/p>\n<ul>\n<li style=\"font-weight: 400;\" aria-level=\"1\"><b>Firefox:<\/b> <a href=\"https:\/\/support.mozilla.org\/es\/kb\/habilitar-y-deshabilitar-cookies-que-los-sitios-we\"><span style=\"font-weight: 400;\">https:\/\/support.mozilla.org\/es\/kb\/habilitar-y-deshabilitar-cookies-que-los-sitios-we<\/span><\/a><\/li>\n<li style=\"font-weight: 400;\" aria-level=\"1\"><b>Chrome:<\/b> <a href=\"https:\/\/support.google.com\/chrome\/bin\/answer.py?hl=es&amp;answer=95647\"><span style=\"font-weight: 400;\">https:\/\/support.google.com\/chrome\/bin\/answer.py?hl=es&amp;answer=95647<\/span><\/a><\/li>\n<li style=\"font-weight: 400;\" aria-level=\"1\"><b>Edge:<\/b> <a href=\"https:\/\/support.microsoft.com\/es-es\/windows\/administrar-cookies-en-microsoft-edge-ver-permitir-bloquear-eliminar-y-usar-168dab11-0753-043d-7c16-ede5947fc64d\"><span style=\"font-weight: 400;\">https:\/\/support.microsoft.com\/es-es\/windows\/administrar-cookies-en-microsoft-edge-ver-permitir-bloquear-eliminar-y-usar-168dab11-0753-043d-7c16-ede5947fc64d<\/span><\/a><span style=\"font-weight: 400;\"> <\/span><\/li>\n<li style=\"font-weight: 400;\" aria-level=\"1\"><b>Safari:<\/b> <a href=\"https:\/\/support.apple.com\/kb\/ph5042\"><span style=\"font-weight: 400;\">https:\/\/support.apple.com\/kb\/ph5042<\/span><\/a><\/li>\n<li aria-level=\"1\"><b>Opera: <\/b><a href=\"https:\/\/help.opera.com\/Windows\/11.50\/es-ES\/cookies.html\"><span style=\"font-weight: 400;\">https:\/\/help.opera.com\/Windows\/11.50\/es-ES\/cookies.html<\/span><\/a><\/li>\n<\/ul>\n\t\t\t\t\t\t\t\t<\/div>\n\t\t\t\t<\/div>\n\t\t\t\t\t<\/div>\n\t\t\t\t<\/section>\n\t\t\t\t<\/div>\n\t\t","protected":false},"excerpt":{"rendered":"<p>POLITICA DE COOKIES A trav\u00e9s de este sitio web, del que es titular la REAL FEDERACI\u00d3N ESPA\u00d1OLA DE ATLETISMO, no se recaban datos de car\u00e1cter personal de los usuarios sin su conocimiento, ni se ceden a terceros. En este sitio web utilizamos cookies para mejorar la experiencia del usuario, analizar el tr\u00e1fico del sitio web [&hellip;]<\/p>\n","protected":false},"author":1,"featured_media":0,"parent":0,"menu_order":0,"comment_status":"closed","ping_status":"closed","template":"elementor_header_footer","meta":{"footnotes":""},"class_list":["post-478","page","type-page","status-publish","hentry"],"yoast_head":"<!-- This site is optimized with the Yoast SEO plugin v24.2 - https:\/\/yoast.com\/wordpress\/plugins\/seo\/ -->\n<title>Cookie Policy - European Athletics Team Championships 1st Division Madrid 2025<\/title>\n<meta name=\"robots\" content=\"index, follow, max-snippet:-1, max-image-preview:large, max-video-preview:-1\" \/>\n<link rel=\"canonical\" href=\"https:\/\/madridetch2025.com\/en\/cookie-policy\/\" \/>\n<meta property=\"og:locale\" content=\"en_US\" \/>\n<meta property=\"og:type\" content=\"article\" \/>\n<meta property=\"og:title\" content=\"Cookie Policy - European Athletics Team Championships 1st Division Madrid 2025\" \/>\n<meta property=\"og:description\" content=\"POLITICA DE COOKIES A trav\u00e9s de este sitio web, del que es titular la REAL FEDERACI\u00d3N ESPA\u00d1OLA DE ATLETISMO, no se recaban datos de car\u00e1cter personal de los usuarios sin su conocimiento, ni se ceden a terceros. En este sitio web utilizamos cookies para mejorar la experiencia del usuario, analizar el tr\u00e1fico del sitio web [&hellip;]\" \/>\n<meta property=\"og:url\" content=\"https:\/\/madridetch2025.com\/en\/cookie-policy\/\" \/>\n<meta property=\"og:site_name\" content=\"European Athletics Team Championships 1st Division Madrid 2025\" \/>\n<meta property=\"article:modified_time\" content=\"2025-01-20T12:26:44+00:00\" \/>\n<meta property=\"og:image\" content=\"https:\/\/madridetch2025.com\/wp-content\/uploads\/2025\/01\/favicon.png\" \/>\n\t<meta property=\"og:image:width\" content=\"512\" \/>\n\t<meta property=\"og:image:height\" content=\"512\" \/>\n\t<meta property=\"og:image:type\" content=\"image\/png\" \/>\n<meta name=\"twitter:card\" content=\"summary_large_image\" \/>\n<meta name=\"twitter:label1\" content=\"Est. reading time\" \/>\n\t<meta name=\"twitter:data1\" content=\"3 minutes\" \/>\n<script type=\"application\/ld+json\" class=\"yoast-schema-graph\">{\"@context\":\"https:\/\/schema.org\",\"@graph\":[{\"@type\":\"WebPage\",\"@id\":\"https:\/\/madridetch2025.com\/en\/cookie-policy\/\",\"url\":\"https:\/\/madridetch2025.com\/en\/cookie-policy\/\",\"name\":\"Cookie Policy - European Athletics Team Championships 1st Division Madrid 2025\",\"isPartOf\":{\"@id\":\"https:\/\/madridetch2025.com\/en\/#website\"},\"datePublished\":\"2025-01-10T14:25:17+00:00\",\"dateModified\":\"2025-01-20T12:26:44+00:00\",\"breadcrumb\":{\"@id\":\"https:\/\/madridetch2025.com\/en\/cookie-policy\/#breadcrumb\"},\"inLanguage\":\"en-US\",\"potentialAction\":[{\"@type\":\"ReadAction\",\"target\":[\"https:\/\/madridetch2025.com\/en\/cookie-policy\/\"]}]},{\"@type\":\"BreadcrumbList\",\"@id\":\"https:\/\/madridetch2025.com\/en\/cookie-policy\/#breadcrumb\",\"itemListElement\":[{\"@type\":\"ListItem\",\"position\":1,\"name\":\"Portada\",\"item\":\"https:\/\/madridetch2025.com\/en\/\"},{\"@type\":\"ListItem\",\"position\":2,\"name\":\"Cookie Policy\"}]},{\"@type\":\"WebSite\",\"@id\":\"https:\/\/madridetch2025.com\/en\/#website\",\"url\":\"https:\/\/madridetch2025.com\/en\/\",\"name\":\"European Athletics Team Championships 1st Division Madrid 2025\",\"description\":\"\",\"potentialAction\":[{\"@type\":\"SearchAction\",\"target\":{\"@type\":\"EntryPoint\",\"urlTemplate\":\"https:\/\/madridetch2025.com\/en\/?s={search_term_string}\"},\"query-input\":{\"@type\":\"PropertyValueSpecification\",\"valueRequired\":true,\"valueName\":\"search_term_string\"}}],\"inLanguage\":\"en-US\"}]}<\/script>\n<!-- \/ Yoast SEO plugin. -->","yoast_head_json":{"title":"Cookie Policy - European Athletics Team Championships 1st Division Madrid 2025","robots":{"index":"index","follow":"follow","max-snippet":"max-snippet:-1","max-image-preview":"max-image-preview:large","max-video-preview":"max-video-preview:-1"},"canonical":"https:\/\/madridetch2025.com\/en\/cookie-policy\/","og_locale":"en_US","og_type":"article","og_title":"Cookie Policy - European Athletics Team Championships 1st Division Madrid 2025","og_description":"POLITICA DE COOKIES A trav\u00e9s de este sitio web, del que es titular la REAL FEDERACI\u00d3N ESPA\u00d1OLA DE ATLETISMO, no se recaban datos de car\u00e1cter personal de los usuarios sin su conocimiento, ni se ceden a terceros. En este sitio web utilizamos cookies para mejorar la experiencia del usuario, analizar el tr\u00e1fico del sitio web [&hellip;]","og_url":"https:\/\/madridetch2025.com\/en\/cookie-policy\/","og_site_name":"European Athletics Team Championships 1st Division Madrid 2025","article_modified_time":"2025-01-20T12:26:44+00:00","og_image":[{"width":512,"height":512,"url":"https:\/\/madridetch2025.com\/wp-content\/uploads\/2025\/01\/favicon.png","type":"image\/png"}],"twitter_card":"summary_large_image","twitter_misc":{"Est. reading time":"3 minutes"},"schema":{"@context":"https:\/\/schema.org","@graph":[{"@type":"WebPage","@id":"https:\/\/madridetch2025.com\/en\/cookie-policy\/","url":"https:\/\/madridetch2025.com\/en\/cookie-policy\/","name":"Cookie Policy - European Athletics Team Championships 1st Division Madrid 2025","isPartOf":{"@id":"https:\/\/madridetch2025.com\/en\/#website"},"datePublished":"2025-01-10T14:25:17+00:00","dateModified":"2025-01-20T12:26:44+00:00","breadcrumb":{"@id":"https:\/\/madridetch2025.com\/en\/cookie-policy\/#breadcrumb"},"inLanguage":"en-US","potentialAction":[{"@type":"ReadAction","target":["https:\/\/madridetch2025.com\/en\/cookie-policy\/"]}]},{"@type":"BreadcrumbList","@id":"https:\/\/madridetch2025.com\/en\/cookie-policy\/#breadcrumb","itemListElement":[{"@type":"ListItem","position":1,"name":"Portada","item":"https:\/\/madridetch2025.com\/en\/"},{"@type":"ListItem","position":2,"name":"Cookie Policy"}]},{"@type":"WebSite","@id":"https:\/\/madridetch2025.com\/en\/#website","url":"https:\/\/madridetch2025.com\/en\/","name":"European Athletics Team Championships 1st Division Madrid 2025","description":"","potentialAction":[{"@type":"SearchAction","target":{"@type":"EntryPoint","urlTemplate":"https:\/\/madridetch2025.com\/en\/?s={search_term_string}"},"query-input":{"@type":"PropertyValueSpecification","valueRequired":true,"valueName":"search_term_string"}}],"inLanguage":"en-US"}]}},"_links":{"self":[{"href":"https:\/\/madridetch2025.com\/en\/wp-json\/wp\/v2\/pages\/478"}],"collection":[{"href":"https:\/\/madridetch2025.com\/en\/wp-json\/wp\/v2\/pages"}],"about":[{"href":"https:\/\/madridetch2025.com\/en\/wp-json\/wp\/v2\/types\/page"}],"author":[{"embeddable":true,"href":"https:\/\/madridetch2025.com\/en\/wp-json\/wp\/v2\/users\/1"}],"replies":[{"embeddable":true,"href":"https:\/\/madridetch2025.com\/en\/wp-json\/wp\/v2\/comments?post=478"}],"version-history":[{"count":1,"href":"https:\/\/madridetch2025.com\/en\/wp-json\/wp\/v2\/pages\/478\/revisions"}],"predecessor-version":[{"id":479,"href":"https:\/\/madridetch2025.com\/en\/wp-json\/wp\/v2\/pages\/478\/revisions\/479"}],"wp:attachment":[{"href":"https:\/\/madridetch2025.com\/en\/wp-json\/wp\/v2\/media?parent=478"}],"curies":[{"name":"wp","href":"https:\/\/api.w.org\/{rel}","templated":true}]}}